{"id":31,"date":"2026-03-05T21:18:47","date_gmt":"2026-03-05T21:18:47","guid":{"rendered":"http:\/\/localhost:10029\/?page_id=31"},"modified":"2026-03-11T01:18:21","modified_gmt":"2026-03-11T01:18:21","slug":"about-us","status":"publish","type":"page","link":"https:\/\/www.hotelaerocito.com\/fr\/about-us\/","title":{"rendered":"\u00c0 propos de nous"},"content":{"rendered":"<p style=\"font-size: 20px\">L'H\u00f4tel Aerocito n\u00e9e en 2017 est un excellent choix pour les voyageurs qui cherchent un h\u00e9bergement confortable et pratique \u00e0 Lom\u00e9, Togo Afrique <\/p>","protected":false},"excerpt":{"rendered":"<p>L'H\u00f4tel Aerocito n\u00e9e en 2017 est un excellent choix pour les voyageurs qui cherchent un h\u00e9bergement confortable et pratique \u00e0 Lom\u00e9, Togo Afrique<\/p>","protected":false},"author":1,"featured_media":0,"parent":0,"menu_order":0,"comment_status":"closed","ping_status":"closed","template":"","meta":{"_acf_changed":false,"footnotes":""},"class_list":["post-31","page","type-page","status-publish","hentry"],"acf":[],"_links":{"self":[{"href":"https:\/\/www.hotelaerocito.com\/fr\/wp-json\/wp\/v2\/pages\/31","targetHints":{"allow":["GET"]}}],"collection":[{"href":"https:\/\/www.hotelaerocito.com\/fr\/wp-json\/wp\/v2\/pages"}],"about":[{"href":"https:\/\/www.hotelaerocito.com\/fr\/wp-json\/wp\/v2\/types\/page"}],"author":[{"embeddable":true,"href":"https:\/\/www.hotelaerocito.com\/fr\/wp-json\/wp\/v2\/users\/1"}],"replies":[{"embeddable":true,"href":"https:\/\/www.hotelaerocito.com\/fr\/wp-json\/wp\/v2\/comments?post=31"}],"version-history":[{"count":11,"href":"https:\/\/www.hotelaerocito.com\/fr\/wp-json\/wp\/v2\/pages\/31\/revisions"}],"predecessor-version":[{"id":254,"href":"https:\/\/www.hotelaerocito.com\/fr\/wp-json\/wp\/v2\/pages\/31\/revisions\/254"}],"wp:attachment":[{"href":"https:\/\/www.hotelaerocito.com\/fr\/wp-json\/wp\/v2\/media?parent=31"}],"curies":[{"name":"wp","href":"https:\/\/api.w.org\/{rel}","templated":true}]}}